{"id":13,"date":"2025-03-22T15:59:18","date_gmt":"2025-03-22T18:59:18","guid":{"rendered":"https:\/\/gayotecnologia.online\/?page_id=13"},"modified":"2025-11-09T22:25:54","modified_gmt":"2025-11-10T01:25:54","slug":"home","status":"publish","type":"page","link":"https:\/\/gayotecnologia.online\/en\/","title":{"rendered":"Home"},"content":{"rendered":"<div data-elementor-type=\"wp-page\" data-elementor-id=\"13\" class=\"elementor elementor-13\" data-elementor-post-type=\"page\">\n\t\t\t\t<div class=\"has_ae_slider elementor-element elementor-element-e6d3294 e-flex e-con-boxed ae-bg-gallery-type-default e-con e-parent\" data-id=\"e6d3294\" data-element_type=\"container\" data-e-type=\"container\">\n\t\t\t\t\t<div class=\"e-con-inner\">\n\t\t<div class=\"has_ae_slider elementor-element elementor-element-0d63290 e-flex e-con-boxed ae-bg-gallery-type-default e-con e-child\" data-id=\"0d63290\" data-element_type=\"container\" data-e-type=\"container\" data-settings=\"{&quot;background_background&quot;:&quot;classic&quot;}\">\n\t\t\t\t\t<div class=\"e-con-inner\">\n\t\t\t\t<div class=\"elementor-element elementor-element-834cc3a elementor-widget elementor-widget-heading\" data-id=\"834cc3a\" data-element_type=\"widget\" data-e-type=\"widget\" data-widget_type=\"heading.default\">\n\t\t\t\t<div class=\"elementor-widget-container\">\n\t\t\t\t\t<h2 class=\"elementor-heading-title elementor-size-default\">Get to know\n<br>\n<b>Court of Auditors System<\/b>\n<br>\nfor the sustainable agenda<\/h2>\t\t\t\t<\/div>\n\t\t\t\t<\/div>\n\t\t<div class=\"make-column-clickable-elementor has_ae_slider elementor-element elementor-element-29917e1 e-con-full e-transform e-flex ae-bg-gallery-type-default e-con e-child\" style=\"cursor: pointer;\" data-column-clickable=\"https:\/\/gayotecnologia.online\/en\/category\/tce-pa\/\" data-column-clickable-blank=\"_self\" data-id=\"29917e1\" data-element_type=\"container\" data-e-type=\"container\" data-settings=\"{&quot;background_background&quot;:&quot;classic&quot;,&quot;_transform_scale_effect_hover&quot;:{&quot;unit&quot;:&quot;px&quot;,&quot;size&quot;:1.04000000000000003552713678800500929355621337890625,&quot;sizes&quot;:[]},&quot;_transform_scale_effect_hover_tablet&quot;:{&quot;unit&quot;:&quot;px&quot;,&quot;size&quot;:&quot;&quot;,&quot;sizes&quot;:[]},&quot;_transform_scale_effect_hover_mobile&quot;:{&quot;unit&quot;:&quot;px&quot;,&quot;size&quot;:&quot;&quot;,&quot;sizes&quot;:[]}}\">\n\t\t\t\t<div class=\"elementor-element elementor-element-df17f2e elementor-widget elementor-widget-image\" data-id=\"df17f2e\" data-element_type=\"widget\" data-e-type=\"widget\" data-widget_type=\"image.default\">\n\t\t\t\t<div class=\"elementor-widget-container\">\n\t\t\t\t\t\t\t\t\t\t\t\t\t\t\t<img fetchpriority=\"high\" decoding=\"async\" width=\"1080\" height=\"500\" src=\"https:\/\/gayotecnologia.online\/wp-content\/uploads\/2025\/11\/2.webp\" class=\"attachment-full size-full wp-image-290\" alt=\"2\" srcset=\"https:\/\/gayotecnologia.online\/wp-content\/uploads\/2025\/11\/2.webp 1080w, https:\/\/gayotecnologia.online\/wp-content\/uploads\/2025\/11\/2-300x139.webp 300w, https:\/\/gayotecnologia.online\/wp-content\/uploads\/2025\/11\/2-1024x474.webp 1024w, https:\/\/gayotecnologia.online\/wp-content\/uploads\/2025\/11\/2-768x356.webp 768w, https:\/\/gayotecnologia.online\/wp-content\/uploads\/2025\/11\/2-18x8.webp 18w\" sizes=\"(max-width: 1080px) 100vw, 1080px\" \/>\t\t\t\t\t\t\t\t\t\t\t\t\t\t\t<\/div>\n\t\t\t\t<\/div>\n\t\t\t\t<div class=\"elementor-element elementor-element-1330cbc elementor-widget elementor-widget-heading\" data-id=\"1330cbc\" data-element_type=\"widget\" data-e-type=\"widget\" data-widget_type=\"heading.default\">\n\t\t\t\t<div class=\"elementor-widget-container\">\n\t\t\t\t\t<h2 class=\"elementor-heading-title elementor-size-default\">Court of Auditors<br>state of par\u00e1<\/h2>\t\t\t\t<\/div>\n\t\t\t\t<\/div>\n\t\t\t\t<\/div>\n\t\t<div class=\"make-column-clickable-elementor has_ae_slider elementor-element elementor-element-ce37666 e-con-full e-transform e-flex ae-bg-gallery-type-default e-con e-child\" style=\"cursor: pointer;\" data-column-clickable=\"https:\/\/gayotecnologia.online\/en\/category\/tcmpa-mpcmpa\/\" data-column-clickable-blank=\"_self\" data-id=\"ce37666\" data-element_type=\"container\" data-e-type=\"container\" data-settings=\"{&quot;background_background&quot;:&quot;classic&quot;,&quot;_transform_scale_effect_hover&quot;:{&quot;unit&quot;:&quot;px&quot;,&quot;size&quot;:1.04000000000000003552713678800500929355621337890625,&quot;sizes&quot;:[]},&quot;_transform_scale_effect_hover_tablet&quot;:{&quot;unit&quot;:&quot;px&quot;,&quot;size&quot;:&quot;&quot;,&quot;sizes&quot;:[]},&quot;_transform_scale_effect_hover_mobile&quot;:{&quot;unit&quot;:&quot;px&quot;,&quot;size&quot;:&quot;&quot;,&quot;sizes&quot;:[]}}\">\n\t\t\t\t<div class=\"elementor-element elementor-element-48938ef elementor-widget elementor-widget-image\" data-id=\"48938ef\" data-element_type=\"widget\" data-e-type=\"widget\" data-widget_type=\"image.default\">\n\t\t\t\t<div class=\"elementor-widget-container\">\n\t\t\t\t\t\t\t\t\t\t\t\t\t\t\t<img decoding=\"async\" width=\"225\" height=\"49\" src=\"https:\/\/gayotecnologia.online\/wp-content\/uploads\/2025\/11\/WhatsApp-Image-2025-11-09-at-14.08.58-1.webp\" class=\"attachment-full size-full wp-image-452\" alt=\"WhatsApp Image 2025 11 09 at 14.08.58 (1)\" srcset=\"https:\/\/gayotecnologia.online\/wp-content\/uploads\/2025\/11\/WhatsApp-Image-2025-11-09-at-14.08.58-1.webp 225w, https:\/\/gayotecnologia.online\/wp-content\/uploads\/2025\/11\/WhatsApp-Image-2025-11-09-at-14.08.58-1-18x4.webp 18w\" sizes=\"(max-width: 225px) 100vw, 225px\" \/>\t\t\t\t\t\t\t\t\t\t\t\t\t\t\t<\/div>\n\t\t\t\t<\/div>\n\t\t\t\t<div class=\"elementor-element elementor-element-3a87f20 elementor-widget elementor-widget-heading\" data-id=\"3a87f20\" data-element_type=\"widget\" data-e-type=\"widget\" data-widget_type=\"heading.default\">\n\t\t\t\t<div class=\"elementor-widget-container\">\n\t\t\t\t\t<h2 class=\"elementor-heading-title elementor-size-default\">Public Prosecutor's Office for the Municipalities of the State of Par\u00e1<\/h2>\t\t\t\t<\/div>\n\t\t\t\t<\/div>\n\t\t\t\t<div class=\"elementor-element elementor-element-67dcc7e elementor-widget elementor-widget-image\" data-id=\"67dcc7e\" data-element_type=\"widget\" data-e-type=\"widget\" data-widget_type=\"image.default\">\n\t\t\t\t<div class=\"elementor-widget-container\">\n\t\t\t\t\t\t\t\t\t\t\t\t\t\t\t<img decoding=\"async\" width=\"1024\" height=\"210\" src=\"https:\/\/gayotecnologia.online\/wp-content\/uploads\/2025\/11\/1-e1762709993876.webp\" class=\"attachment-full size-full wp-image-289\" alt=\"1\" srcset=\"https:\/\/gayotecnologia.online\/wp-content\/uploads\/2025\/11\/1-e1762709993876.webp 1024w, https:\/\/gayotecnologia.online\/wp-content\/uploads\/2025\/11\/1-e1762709993876-300x62.webp 300w, https:\/\/gayotecnologia.online\/wp-content\/uploads\/2025\/11\/1-e1762709993876-768x158.webp 768w, https:\/\/gayotecnologia.online\/wp-content\/uploads\/2025\/11\/1-e1762709993876-18x4.webp 18w\" sizes=\"(max-width: 1024px) 100vw, 1024px\" \/>\t\t\t\t\t\t\t\t\t\t\t\t\t\t\t<\/div>\n\t\t\t\t<\/div>\n\t\t\t\t<div class=\"elementor-element elementor-element-f2f8ab5 elementor-widget elementor-widget-heading\" data-id=\"f2f8ab5\" data-element_type=\"widget\" data-e-type=\"widget\" data-widget_type=\"heading.default\">\n\t\t\t\t<div class=\"elementor-widget-container\">\n\t\t\t\t\t<h2 class=\"elementor-heading-title elementor-size-default\">Court of Auditors of the Municipalities of the State of Par\u00e1<\/h2>\t\t\t\t<\/div>\n\t\t\t\t<\/div>\n\t\t\t\t<\/div>\n\t\t<div class=\"make-column-clickable-elementor has_ae_slider elementor-element elementor-element-ebf7877 e-con-full e-transform e-flex ae-bg-gallery-type-default e-con e-child\" style=\"cursor: pointer;\" data-column-clickable=\"https:\/\/gayotecnologia.online\/en\/category\/mpc\/\" data-column-clickable-blank=\"_self\" data-id=\"ebf7877\" data-element_type=\"container\" data-e-type=\"container\" data-settings=\"{&quot;background_background&quot;:&quot;classic&quot;,&quot;_transform_scale_effect_hover&quot;:{&quot;unit&quot;:&quot;px&quot;,&quot;size&quot;:1.04000000000000003552713678800500929355621337890625,&quot;sizes&quot;:[]},&quot;_transform_scale_effect_hover_tablet&quot;:{&quot;unit&quot;:&quot;px&quot;,&quot;size&quot;:&quot;&quot;,&quot;sizes&quot;:[]},&quot;_transform_scale_effect_hover_mobile&quot;:{&quot;unit&quot;:&quot;px&quot;,&quot;size&quot;:&quot;&quot;,&quot;sizes&quot;:[]}}\">\n\t\t\t\t<div class=\"elementor-element elementor-element-751669a elementor-widget elementor-widget-image\" data-id=\"751669a\" data-element_type=\"widget\" data-e-type=\"widget\" data-widget_type=\"image.default\">\n\t\t\t\t<div class=\"elementor-widget-container\">\n\t\t\t\t\t\t\t\t\t\t\t\t\t\t\t<img loading=\"lazy\" decoding=\"async\" width=\"1080\" height=\"500\" src=\"https:\/\/gayotecnologia.online\/wp-content\/uploads\/2025\/11\/3.webp\" class=\"attachment-full size-full wp-image-291\" alt=\"3\" srcset=\"https:\/\/gayotecnologia.online\/wp-content\/uploads\/2025\/11\/3.webp 1080w, https:\/\/gayotecnologia.online\/wp-content\/uploads\/2025\/11\/3-300x139.webp 300w, https:\/\/gayotecnologia.online\/wp-content\/uploads\/2025\/11\/3-1024x474.webp 1024w, https:\/\/gayotecnologia.online\/wp-content\/uploads\/2025\/11\/3-768x356.webp 768w, https:\/\/gayotecnologia.online\/wp-content\/uploads\/2025\/11\/3-18x8.webp 18w\" sizes=\"(max-width: 1080px) 100vw, 1080px\" \/>\t\t\t\t\t\t\t\t\t\t\t\t\t\t\t<\/div>\n\t\t\t\t<\/div>\n\t\t\t\t<div class=\"elementor-element elementor-element-c6c6c8b elementor-widget elementor-widget-heading\" data-id=\"c6c6c8b\" data-element_type=\"widget\" data-e-type=\"widget\" data-widget_type=\"heading.default\">\n\t\t\t\t<div class=\"elementor-widget-container\">\n\t\t\t\t\t<h2 class=\"elementor-heading-title elementor-size-default\">Public Prosecutor's Office of<br>par\u00e1 accounts<\/h2>\t\t\t\t<\/div>\n\t\t\t\t<\/div>\n\t\t\t\t<\/div>\n\t\t\t\t\t<\/div>\n\t\t\t\t<\/div>\n\t\t\t\t\t<\/div>\n\t\t\t\t<\/div>\n\t\t\t\t<\/div>","protected":false},"excerpt":{"rendered":"<p>Find out about the actions of the Court of Auditors System for the sustainable agenda Court of Auditors of the State of Par\u00e1 Public Prosecutor's Office for the Municipalities of the State of Par\u00e1 Court of Auditors of the Municipalities of the State of Par\u00e1 Public Prosecutor's Office for the Municipalities of the State of Par\u00e1<\/p>","protected":false},"author":1,"featured_media":0,"parent":0,"menu_order":0,"comment_status":"closed","ping_status":"closed","template":"elementor_canvas","meta":{"_acf_changed":false,"slim_seo":{"title":"Courts of Auditors System - Sustainable Agenda","description":"Learn about the actions of the Court of Auditors System for the sustainable agenda Court of Auditors of the State of Par\u00e1 Public Prosecutor's Office for the Municipalities of the State of Par\u00e1"},"footnotes":""},"class_list":["post-13","page","type-page","status-publish","hentry"],"acf":[],"_links":{"self":[{"href":"https:\/\/gayotecnologia.online\/en\/wp-json\/wp\/v2\/pages\/13","targetHints":{"allow":["GET"]}}],"collection":[{"href":"https:\/\/gayotecnologia.online\/en\/wp-json\/wp\/v2\/pages"}],"about":[{"href":"https:\/\/gayotecnologia.online\/en\/wp-json\/wp\/v2\/types\/page"}],"author":[{"embeddable":true,"href":"https:\/\/gayotecnologia.online\/en\/wp-json\/wp\/v2\/users\/1"}],"replies":[{"embeddable":true,"href":"https:\/\/gayotecnologia.online\/en\/wp-json\/wp\/v2\/comments?post=13"}],"version-history":[{"count":94,"href":"https:\/\/gayotecnologia.online\/en\/wp-json\/wp\/v2\/pages\/13\/revisions"}],"predecessor-version":[{"id":562,"href":"https:\/\/gayotecnologia.online\/en\/wp-json\/wp\/v2\/pages\/13\/revisions\/562"}],"wp:attachment":[{"href":"https:\/\/gayotecnologia.online\/en\/wp-json\/wp\/v2\/media?parent=13"}],"curies":[{"name":"wp","href":"https:\/\/api.w.org\/{rel}","templated":true}]}}